{"id":105,"date":"2020-08-14T14:38:35","date_gmt":"2020-08-14T12:38:35","guid":{"rendered":"http:\/\/tarroux-electricite.fr\/?page_id=105"},"modified":"2020-08-14T14:38:35","modified_gmt":"2020-08-14T12:38:35","slug":"accueil","status":"publish","type":"page","link":"https:\/\/tarroux-electricite.fr\/index.php\/accueil\/","title":{"rendered":"Accueil"},"content":{"rendered":"\n<div class=\"wp-block-media-text alignwide has-media-on-the-right\" style=\"grid-template-columns:auto 47%\"><figure class=\"wp-block-media-text__media\"><img loading=\"lazy\" width=\"1024\" height=\"695\" src=\"http:\/\/tarroux-electricite.fr\/wp-content\/uploads\/2020\/03\/IMG_3820-1024x695.jpg\" alt=\"\" class=\"wp-image-35\"\/><\/figure><div class=\"wp-block-media-text__content\">\n<p>      La soci\u00e9t\u00e9 Tarroux \u00c9lectricit\u00e9 a \u00e9t\u00e9 fond\u00e9 en 2006 \u00e0 Saint Affrique en Aveyron.  <br>     Depuis 14 ans nous sommes sp\u00e9cialis\u00e9 dans l&rsquo;installation, la r\u00e9novation et le d\u00e9pannage de vos installations \u00e9lectrique. Nous intervenons aussi  bien chez les particuliers et les professionnels que pour les administrations public. <br>    Les comp\u00e9tences de nos collaborateurs vont du c\u00e2blage de votre installation domestique neuve et en r\u00e9novation \u00e0 celle d&rsquo;une armoire pour des machines industrielles en   passant par les remises aux normes compl\u00e8te.  <\/p>\n<\/div><\/div>\n\n\n\n<p><\/p>\n","protected":false},"excerpt":{"rendered":"<p>La soci\u00e9t\u00e9 Tarroux \u00c9lectricit\u00e9 a \u00e9t\u00e9 fond\u00e9 en 2006 \u00e0 Saint Affrique en Aveyron. Depuis 14 ans nous sommes sp\u00e9cialis\u00e9 dans l&rsquo;installation, la r\u00e9novation et le d\u00e9pannage de vos installations \u00e9lectrique. Nous intervenons aussi bien chez les particuliers et les professionnels que pour les administrations public. Les comp\u00e9tences de nos collaborateurs vont du c\u00e2blage de [&hellip;]<\/p>\n","protected":false},"author":1,"featured_media":0,"parent":0,"menu_order":0,"comment_status":"closed","ping_status":"closed","template":"","meta":[],"_links":{"self":[{"href":"https:\/\/tarroux-electricite.fr\/index.php\/wp-json\/wp\/v2\/pages\/105"}],"collection":[{"href":"https:\/\/tarroux-electricite.fr\/index.php\/wp-json\/wp\/v2\/pages"}],"about":[{"href":"https:\/\/tarroux-electricite.fr\/index.php\/wp-json\/wp\/v2\/types\/page"}],"author":[{"embeddable":true,"href":"https:\/\/tarroux-electricite.fr\/index.php\/wp-json\/wp\/v2\/users\/1"}],"replies":[{"embeddable":true,"href":"https:\/\/tarroux-electricite.fr\/index.php\/wp-json\/wp\/v2\/comments?post=105"}],"version-history":[{"count":14,"href":"https:\/\/tarroux-electricite.fr\/index.php\/wp-json\/wp\/v2\/pages\/105\/revisions"}],"predecessor-version":[{"id":131,"href":"https:\/\/tarroux-electricite.fr\/index.php\/wp-json\/wp\/v2\/pages\/105\/revisions\/131"}],"wp:attachment":[{"href":"https:\/\/tarroux-electricite.fr\/index.php\/wp-json\/wp\/v2\/media?parent=105"}],"curies":[{"name":"wp","href":"https:\/\/api.w.org\/{rel}","templated":true}]}}